{"id":24,"date":"2016-10-20T16:26:50","date_gmt":"2016-10-20T14:26:50","guid":{"rendered":"http:\/\/homerehab.umh.es\/?page_id=24"},"modified":"2017-05-24T09:57:59","modified_gmt":"2017-05-24T07:57:59","slug":"entregables-y-publicaciones","status":"publish","type":"page","link":"https:\/\/homerehab.umh.es\/en\/entregables-y-publicaciones\/","title":{"rendered":"Deliverables and Publications"},"content":{"rendered":"<p><\/p>\n<h1>PUBLICATIONS<\/h1>\n<h2>Articles in journals<\/h2>\n<ol>\n<li>&#8220;A Comparative Analysis of 2D and 3D Tasks for Virtual Reality Therapies Based on Robotic-Assisted Neurorehabilitation for Post-stroke Patients&#8221;,\u00a0Lled\u00f3 Luis D., D\u00edez Jorge A., Bertomeu-Motos Arturo, Ezquerro Santiago, Badesa Francisco J., Sabater-Navarro Jos\u00e9 M., Garc\u00eda-Aracil Nicol\u00e1s,\u00a0Frontiers in Aging Neuroscience, v8, 2016 (<a href=\"http:\/\/journal.frontiersin.org\/article\/10.3389\/fnagi.2016.00205\/full#\">link<\/a>)<\/li>\n<\/ol>\n<h2>Conference proceedings and book chapters<\/h2>\n<ol>\n<li>HOMEREHAB: Development of Robotic Technology for Post-Stroke Home Tele-Rehabilitation,\u00a0Jornadas Nacionales de Rob\u00f3tica,\u00a0Spanish Robotics Conference,\u00a08-9 Junio 2017<\/li>\n<\/ol>\n<h2>Invited talks<\/h2>\n<div class=\"page\" title=\"Page 1\">\n<div class=\"section\">\n<div class=\"layoutArea\">\n<div class=\"column\">\n<ol>\n<li>&#8220;HomeRehab EU project&#8221;, I\u00f1aki Diaz,\u00a0International Workshop on Assistive &amp; Rehabilitation Technology(IWART)<\/li>\n<\/ol>\n<\/div>\n<\/div>\n<\/div>\n<\/div>\n<p><\/p>","protected":false},"excerpt":{"rendered":"<p>PUBLICATIONS<br \/>\nArticles in journals<\/p>\n<p>&#8220;A Comparative Analysis of 2D and 3D Tasks for Virtual Reality Therapies Based on Robotic-Assisted Neurorehabilitation for Post-stroke Patients&#8221;,\u00a0Lled\u00f3 Luis D., D\u00edez Jorge A., Bertomeu-Motos Arturo, Ezquerro Santiago, Badesa Francisco J., Sabater-Navarro Jos\u00e9 M., Garc\u00eda-Aracil Nicol\u00e1s,\u00a0Frontiers in Aging Neuroscience, v8, 2016 (link)<\/p>\n<p>Conference proceedings and book chapters<\/p>\n<p>HOMEREHAB: Development of Robotic Technology for Post-Stroke Home [&#8230;]<\/p>\n","protected":false},"author":43,"featured_media":0,"parent":0,"menu_order":3,"comment_status":"closed","ping_status":"closed","template":"","meta":{"_links_to":"","_links_to_target":""},"_links":{"self":[{"href":"https:\/\/homerehab.umh.es\/en\/wp-json\/wp\/v2\/pages\/24"}],"collection":[{"href":"https:\/\/homerehab.umh.es\/en\/wp-json\/wp\/v2\/pages"}],"about":[{"href":"https:\/\/homerehab.umh.es\/en\/wp-json\/wp\/v2\/types\/page"}],"author":[{"embeddable":true,"href":"https:\/\/homerehab.umh.es\/en\/wp-json\/wp\/v2\/users\/43"}],"replies":[{"embeddable":true,"href":"https:\/\/homerehab.umh.es\/en\/wp-json\/wp\/v2\/comments?post=24"}],"version-history":[{"count":0,"href":"https:\/\/homerehab.umh.es\/en\/wp-json\/wp\/v2\/pages\/24\/revisions"}],"wp:attachment":[{"href":"https:\/\/homerehab.umh.es\/en\/wp-json\/wp\/v2\/media?parent=24"}],"curies":[{"name":"wp","href":"https:\/\/api.w.org\/{rel}","templated":true}]}}