{"id":4,"date":"2016-10-06T08:21:37","date_gmt":"2016-10-06T08:21:37","guid":{"rendered":"http:\/\/homerehab.zeus.umh.es\/presentacion\/"},"modified":"2018-06-21T10:21:27","modified_gmt":"2018-06-21T08:21:27","slug":"presentacion","status":"publish","type":"page","link":"https:\/\/homerehab.umh.es\/ca\/","title":{"rendered":"Descripci\u00f3n del proyecto"},"content":{"rendered":"<p>P\u00e1gina de presentaci\u00f3n de la unidad organizativa<\/p>","protected":false},"excerpt":{"rendered":"<p>P\u00e1gina de presentaci\u00f3n de la unidad organizativa<\/p>\n","protected":false},"author":1,"featured_media":0,"parent":0,"menu_order":0,"comment_status":"closed","ping_status":"open","template":"","meta":{"_links_to":"","_links_to_target":""},"_links":{"self":[{"href":"https:\/\/homerehab.umh.es\/ca\/wp-json\/wp\/v2\/pages\/4"}],"collection":[{"href":"https:\/\/homerehab.umh.es\/ca\/wp-json\/wp\/v2\/pages"}],"about":[{"href":"https:\/\/homerehab.umh.es\/ca\/wp-json\/wp\/v2\/types\/page"}],"author":[{"embeddable":true,"href":"https:\/\/homerehab.umh.es\/ca\/wp-json\/wp\/v2\/users\/1"}],"replies":[{"embeddable":true,"href":"https:\/\/homerehab.umh.es\/ca\/wp-json\/wp\/v2\/comments?post=4"}],"version-history":[{"count":0,"href":"https:\/\/homerehab.umh.es\/ca\/wp-json\/wp\/v2\/pages\/4\/revisions"}],"wp:attachment":[{"href":"https:\/\/homerehab.umh.es\/ca\/wp-json\/wp\/v2\/media?parent=4"}],"curies":[{"name":"wp","href":"https:\/\/api.w.org\/{rel}","templated":true}]}}